{"id":16469,"date":"2025-06-25T15:54:46","date_gmt":"2025-06-25T14:54:46","guid":{"rendered":"https:\/\/brseq2025.com\/?page_id=16469"},"modified":"2025-06-25T15:59:29","modified_gmt":"2025-06-25T14:59:29","slug":"abstratcs-book","status":"publish","type":"page","link":"https:\/\/brseq2025.com\/en\/abstratcs-book\/","title":{"rendered":"Abstracts Book"},"content":{"rendered":"","protected":true},"excerpt":{"rendered":"","protected":true},"author":3297,"featured_media":0,"parent":0,"menu_order":0,"comment_status":"closed","ping_status":"closed","template":"","meta":{"footnotes":""},"class_list":["post-16469","page","type-page","status-publish","post-password-required","hentry"],"yoast_head":"<!-- This site is optimized with the Yoast SEO plugin v27.3 - https:\/\/yoast.com\/product\/yoast-seo-wordpress\/ -->\n<title>Abstracts Book - XL Reuni\u00f3n Bienal de la RSEQ 2025. Bilbao, 30 de junio al 3 de julio<\/title>\n<meta name=\"robots\" content=\"index, follow, max-snippet:-1, max-image-preview:large, max-video-preview:-1\" \/>\n<link rel=\"canonical\" href=\"https:\/\/brseq2025.com\/en\/abstratcs-book\/\" \/>\n<meta property=\"og:locale\" content=\"en_US\" \/>\n<meta property=\"og:type\" content=\"article\" \/>\n<meta property=\"og:title\" content=\"Abstracts Book - XL Reuni\u00f3n Bienal de la RSEQ 2025. Bilbao, 30 de junio al 3 de julio\" \/>\n<meta property=\"og:description\" content=\"There is no excerpt because this is a protected post.\" \/>\n<meta property=\"og:url\" content=\"https:\/\/brseq2025.com\/en\/abstratcs-book\/\" \/>\n<meta property=\"og:site_name\" content=\"XL Reuni\u00f3n Bienal de la RSEQ 2025. Bilbao, 30 de junio al 3 de julio\" \/>\n<meta property=\"article:modified_time\" content=\"2025-06-25T14:59:29+00:00\" \/>\n<meta name=\"twitter:card\" content=\"summary_large_image\" \/>\n<meta name=\"twitter:label1\" content=\"Est. reading time\" \/>\n\t<meta name=\"twitter:data1\" content=\"1 minute\" \/>\n<script type=\"application\/ld+json\" class=\"yoast-schema-graph\">{\"@context\":\"https:\\\/\\\/schema.org\",\"@graph\":[{\"@type\":\"WebPage\",\"@id\":\"https:\\\/\\\/brseq2025.com\\\/en\\\/abstratcs-book\\\/\",\"url\":\"https:\\\/\\\/brseq2025.com\\\/en\\\/abstratcs-book\\\/\",\"name\":\"Abstracts Book - XL Reuni\u00f3n Bienal de la RSEQ 2025. Bilbao, 30 de junio al 3 de julio\",\"isPartOf\":{\"@id\":\"https:\\\/\\\/brseq2025.com\\\/en\\\/#website\"},\"datePublished\":\"2025-06-25T14:54:46+00:00\",\"dateModified\":\"2025-06-25T14:59:29+00:00\",\"breadcrumb\":{\"@id\":\"https:\\\/\\\/brseq2025.com\\\/en\\\/abstratcs-book\\\/#breadcrumb\"},\"inLanguage\":\"en-US\"},{\"@type\":\"WebSite\",\"@id\":\"https:\\\/\\\/brseq2025.com\\\/en\\\/#website\",\"url\":\"https:\\\/\\\/brseq2025.com\\\/en\\\/\",\"name\":\"XL Reuni\u00f3n Bienal de la RSEQ 2025. Bilbao, 30 de junio al 3 de julio\",\"description\":\"XL Reuni\u00f3n Bienal de la Real Sociedad Espa\u00f1ola de Qu\u00edmica 2025. Bilbao 30 de junio al 3 de julio de 2025\",\"publisher\":{\"@id\":\"https:\\\/\\\/brseq2025.com\\\/en\\\/#organization\"},\"potentialAction\":[{\"@type\":\"SearchAction\",\"target\":{\"@type\":\"EntryPoint\",\"urlTemplate\":\"https:\\\/\\\/brseq2025.com\\\/en\\\/?s={search_term_string}\"},\"query-input\":{\"@type\":\"PropertyValueSpecification\",\"valueRequired\":true,\"valueName\":\"search_term_string\"}}],\"inLanguage\":\"en-US\"},{\"@type\":\"Organization\",\"@id\":\"https:\\\/\\\/brseq2025.com\\\/en\\\/#organization\",\"name\":\"XL Reuni\u00f3n Bienal de la RSEQ 2025. Bilbao, 30 de junio al 3 de julio\",\"url\":\"https:\\\/\\\/brseq2025.com\\\/en\\\/\",\"logo\":{\"@type\":\"ImageObject\",\"inLanguage\":\"en-US\",\"@id\":\"https:\\\/\\\/brseq2025.com\\\/en\\\/#\\\/schema\\\/logo\\\/image\\\/\",\"url\":\"https:\\\/\\\/brseq2025.com\\\/wp-content\\\/uploads\\\/2024\\\/09\\\/favicon-96x96-1.png\",\"contentUrl\":\"https:\\\/\\\/brseq2025.com\\\/wp-content\\\/uploads\\\/2024\\\/09\\\/favicon-96x96-1.png\",\"width\":96,\"height\":96,\"caption\":\"XL Reuni\u00f3n Bienal de la RSEQ 2025. Bilbao, 30 de junio al 3 de julio\"},\"image\":{\"@id\":\"https:\\\/\\\/brseq2025.com\\\/en\\\/#\\\/schema\\\/logo\\\/image\\\/\"}}]}<\/script>\n<!-- \/ Yoast SEO plugin. -->","yoast_head_json":{"title":"Abstracts Book - XL Reuni\u00f3n Bienal de la RSEQ 2025. Bilbao, 30 de junio al 3 de julio","robots":{"index":"index","follow":"follow","max-snippet":"max-snippet:-1","max-image-preview":"max-image-preview:large","max-video-preview":"max-video-preview:-1"},"canonical":"https:\/\/brseq2025.com\/en\/abstratcs-book\/","og_locale":"en_US","og_type":"article","og_title":"Abstracts Book - XL Reuni\u00f3n Bienal de la RSEQ 2025. Bilbao, 30 de junio al 3 de julio","og_description":"There is no excerpt because this is a protected post.","og_url":"https:\/\/brseq2025.com\/en\/abstratcs-book\/","og_site_name":"XL Reuni\u00f3n Bienal de la RSEQ 2025. Bilbao, 30 de junio al 3 de julio","article_modified_time":"2025-06-25T14:59:29+00:00","twitter_card":"summary_large_image","twitter_misc":{"Est. reading time":"1 minute"},"schema":{"@context":"https:\/\/schema.org","@graph":[{"@type":"WebPage","@id":"https:\/\/brseq2025.com\/en\/abstratcs-book\/","url":"https:\/\/brseq2025.com\/en\/abstratcs-book\/","name":"Abstracts Book - XL Reuni\u00f3n Bienal de la RSEQ 2025. Bilbao, 30 de junio al 3 de julio","isPartOf":{"@id":"https:\/\/brseq2025.com\/en\/#website"},"datePublished":"2025-06-25T14:54:46+00:00","dateModified":"2025-06-25T14:59:29+00:00","breadcrumb":{"@id":"https:\/\/brseq2025.com\/en\/abstratcs-book\/#breadcrumb"},"inLanguage":"en-US"},{"@type":"WebSite","@id":"https:\/\/brseq2025.com\/en\/#website","url":"https:\/\/brseq2025.com\/en\/","name":"XL Reuni\u00f3n Bienal de la RSEQ 2025. Bilbao, 30 de junio al 3 de julio","description":"XL Reuni\u00f3n Bienal de la Real Sociedad Espa\u00f1ola de Qu\u00edmica 2025. Bilbao 30 de junio al 3 de julio de 2025","publisher":{"@id":"https:\/\/brseq2025.com\/en\/#organization"},"potentialAction":[{"@type":"SearchAction","target":{"@type":"EntryPoint","urlTemplate":"https:\/\/brseq2025.com\/en\/?s={search_term_string}"},"query-input":{"@type":"PropertyValueSpecification","valueRequired":true,"valueName":"search_term_string"}}],"inLanguage":"en-US"},{"@type":"Organization","@id":"https:\/\/brseq2025.com\/en\/#organization","name":"XL Reuni\u00f3n Bienal de la RSEQ 2025. Bilbao, 30 de junio al 3 de julio","url":"https:\/\/brseq2025.com\/en\/","logo":{"@type":"ImageObject","inLanguage":"en-US","@id":"https:\/\/brseq2025.com\/en\/#\/schema\/logo\/image\/","url":"https:\/\/brseq2025.com\/wp-content\/uploads\/2024\/09\/favicon-96x96-1.png","contentUrl":"https:\/\/brseq2025.com\/wp-content\/uploads\/2024\/09\/favicon-96x96-1.png","width":96,"height":96,"caption":"XL Reuni\u00f3n Bienal de la RSEQ 2025. Bilbao, 30 de junio al 3 de julio"},"image":{"@id":"https:\/\/brseq2025.com\/en\/#\/schema\/logo\/image\/"}}]}},"_links":{"self":[{"href":"https:\/\/brseq2025.com\/en\/wp-json\/wp\/v2\/pages\/16469","targetHints":{"allow":["GET"]}}],"collection":[{"href":"https:\/\/brseq2025.com\/en\/wp-json\/wp\/v2\/pages"}],"about":[{"href":"https:\/\/brseq2025.com\/en\/wp-json\/wp\/v2\/types\/page"}],"author":[{"embeddable":true,"href":"https:\/\/brseq2025.com\/en\/wp-json\/wp\/v2\/users\/3297"}],"replies":[{"embeddable":true,"href":"https:\/\/brseq2025.com\/en\/wp-json\/wp\/v2\/comments?post=16469"}],"version-history":[{"count":4,"href":"https:\/\/brseq2025.com\/en\/wp-json\/wp\/v2\/pages\/16469\/revisions"}],"predecessor-version":[{"id":16496,"href":"https:\/\/brseq2025.com\/en\/wp-json\/wp\/v2\/pages\/16469\/revisions\/16496"}],"wp:attachment":[{"href":"https:\/\/brseq2025.com\/en\/wp-json\/wp\/v2\/media?parent=16469"}],"curies":[{"name":"wp","href":"https:\/\/api.w.org\/{rel}","templated":true}]}}