{"id":15242,"date":"2024-09-26T16:39:40","date_gmt":"2024-09-26T15:39:40","guid":{"rendered":"https:\/\/brseq2025.com\/?page_id=15242"},"modified":"2024-11-07T10:41:57","modified_gmt":"2024-11-07T09:41:57","slug":"plenary-speakers","status":"publish","type":"page","link":"https:\/\/brseq2025.com\/en\/plenary-speakers\/","title":{"rendered":"Plenary Speakers"},"content":{"rendered":"<div class=\"wpb-content-wrapper\">[vc_row fullwidth=&#8221;true&#8221; attached=&#8221;true&#8221; css=&#8221;.vc_custom_1727341533895{background-color: #36275d !important;}&#8221;][vc_column css=&#8221;.vc_custom_1727341521407{margin-bottom: -40px !important;border-bottom-width: -40px !important;padding-bottom: -40px !important;}&#8221;][mk_padding_divider size=&#8221;20&#8243;][vc_column_text disable_pattern=&#8221;false&#8221; align=&#8221;center&#8221; css=&#8221;.vc_custom_1727428050560{margin-bottom: 0px !important;}&#8221;]\n<h1 style=\"text-align: center;\">Plenary Speakers<\/h1>\n[\/vc_column_text][vc_raw_html css=&#8221;.vc_custom_1668987405118{margin-top: -30px !important;border-top-width: -30px !important;padding-top: -30px !important;}&#8221;]JTNDZGl2JTNFJTBBJTIwJTIwJTIwJTIwJTIwJTIwJTIwJTIwJTIwJTIwJTIwJTIwJTIwJTIwJTIwJTIwJTNDc3ZnJTIwY2xhc3MlM0QlMjJ3YXZlcyUyMiUyMHhtbG5zJTNEJTIyaHR0cCUzQSUyRiUyRnd3dy53My5vcmclMkYyMDAwJTJGc3ZnJTIyJTIweG1sbnMlM0F4bGluayUzRCUyMmh0dHAlM0ElMkYlMkZ3d3cudzMub3JnJTJGMTk5OSUyRnhsaW5rJTIyJTIwdmlld0JveCUzRCUyMjAlMjAyNCUyMDE1MCUyMDI4JTIyJTIwcHJlc2VydmVBc3BlY3RSYXRpbyUzRCUyMm5vbmUlMjIlMjBzaGFwZS1yZW5kZXJpbmclM0QlMjJhdXRvJTIyJTNFJTBBJTIwJTIwJTIwJTIwJTIwJTIwJTIwJTIwJTIwJTIwJTIwJTIwJTIwJTIwJTIwJTIwJTIwJTIwJTIwJTIwJTNDZGVmcyUzRSUwQSUyMCUyMCUyMCUyMCUyMCUyMCUyMCUyMCUyMCUyMCUyMCUyMCUyMCUyMCUyMCUyMCUyMCUyMCUyMCUyMCUyMCUyMCUyMCUyMCUzQ3BhdGglMjBpZCUzRCUyMmdlbnRsZS13YXZlJTIyJTIwZCUzRCUyMk0tMTYwJTIwNDRjMzAlMjAwJTIwNTgtMTglMjA4OC0xOHMlMjA1OCUyMDE4JTIwODglMjAxOCUyMDU4LTE4JTIwODgtMTglMjA1OCUyMDE4JTIwODglMjAxOCUyMHY0NGgtMzUyeiUyMiUyMCUyRiUzRSUwQSUyMCUyMCUyMCUyMCUyMCUyMCUyMCUyMCUyMCUyMCUyMCUyMCUyMCUyMCUyMCUyMCUyMCUyMCUyMCUyMCUzQyUyRmRlZnMlM0UlMEElMjAlMjAlMjAlMjAlMjAlMjAlMjAlMjAlMjAlMjAlMjAlMjAlMjAlMjAlMjAlMjAlMjAlMjAlMjAlMjAlM0NnJTIwY2xhc3MlM0QlMjJwYXJhbGxheCUyMiUzRSUwQSUyMCUyMCUyMCUyMCUyMCUyMCUyMCUyMCUyMCUyMCUyMCUyMCUyMCUyMCUyMCUyMCUyMCUyMCUyMCUyMCUyMCUyMCUyMCUyMCUzQ3VzZSUyMHhsaW5rJTNBaHJlZiUzRCUyMiUyM2dlbnRsZS13YXZlJTIyJTIweCUzRCUyMjQ4JTIyJTIweSUzRCUyMjAlMjIlMjBmaWxsJTNEJTIycmdiYSUyODI1NSUyQzI1NSUyQzI1NSUyQzAuNyUyMiUyMCUyRiUzRSUwQSUyMCUyMCUyMCUyMCUyMCUyMCUyMCUyMCUyMCUyMCUyMCUyMCUyMCUyMCUyMCUyMCUyMCUyMCUyMCUyMCUyMCUyMCUyMCUyMCUzQ3VzZSUyMHhsaW5rJTNBaHJlZiUzRCUyMiUyM2dlbnRsZS13YXZlJTIyJTIweCUzRCUyMjQ4JTIyJTIweSUzRCUyMjMlMjIlMjBmaWxsJTNEJTIycmdiYSUyODI1NSUyQzI1NSUyQzI1NSUyQzAuNSUyOSUyMiUyMCUyRiUzRSUwQSUyMCUyMCUyMCUyMCUyMCUyMCUyMCUyMCUyMCUyMCUyMCUyMCUyMCUyMCUyMCUyMCUyMCUyMCUyMCUyMCUyMCUyMCUyMCUyMCUzQ3VzZSUyMHhsaW5rJTNBaHJlZiUzRCUyMiUyM2dlbnRsZS13YXZlJTIyJTIweCUzRCUyMjQ4JTIyJTIweSUzRCUyMjUlMjIlMjBmaWxsJTNEJTIycmdiYSUyODI1NSUyQzI1NSUyQzI1NSUyQzAuMyUyOSUyMiUyMCUyRiUzRSUwQSUyMCUyMCUyMCUyMCUyMCUyMCUyMCUyMCUyMCUyMCUyMCUyMCUyMCUyMCUyMCUyMCUyMCUyMCUyMCUyMCUyMCUyMCUyMCUyMCUzQ3VzZSUyMHhsaW5rJTNBaHJlZiUzRCUyMiUyM2dlbnRsZS13YXZlJTIyJTIweCUzRCUyMjQ4JTIyJTIweSUzRCUyMjclMjIlMjBmaWxsJTNEJTIyJTIzZmZmJTIyJTIwJTJGJTNFJTBBJTIwJTIwJTIwJTIwJTIwJTIwJTIwJTIwJTIwJTIwJTIwJTIwJTIwJTIwJTIwJTIwJTIwJTIwJTIwJTIwJTNDJTJGZyUzRSUwQSUyMCUyMCUyMCUyMCUyMCUyMCUyMCUyMCUyMCUyMCUyMCUyMCUyMCUyMCUyMCUyMCUzQyUyRnN2ZyUzRSUwQSUyMCUyMCUyMCUyMCUyMCUyMCUyMCUyMCUyMCUyMCUyMCUyMCUzQyUyRmRpdiUzRSUwQQ==[\/vc_raw_html][\/vc_column][\/vc_row][mk_page_section vertical_align=&#8221;bottom&#8221; bg_color=&#8221;#ffffff&#8221; attachment=&#8221;fixed&#8221; bg_position=&#8221;center top&#8221; bg_repeat=&#8221;no-repeat&#8221; bg_stretch=&#8221;true&#8221; enable_3d=&#8221;true&#8221; padding_top=&#8221;20&#8243; padding_bottom=&#8221;30&#8243; top_shape_style=&#8221;curve-top&#8221; top_shape_bg_color=&#8221;rgba(255,255,255,0)&#8221; sidebar=&#8221;sidebar-1&#8243; first_page=&#8221;false&#8221; last_page=&#8221;false&#8221;][vc_column css=&#8221;.vc_custom_1668987388736{margin-bottom: -10px !important;border-bottom-width: -10px !important;padding-bottom: -10px !important;}&#8221;][vc_row_inner is_fullwidth_content=&#8221;false&#8221; column_padding=&#8221;3&#8243; css=&#8221;.vc_custom_1727342992360{border-color: #FFFFFF !important;}&#8221;][vc_column_inner css=&#8221;.vc_custom_1727340686355{border-top-width: 1px !important;border-right-width: 1px !important;border-bottom-width: 1px !important;border-left-width: 1px !important;border-color: #FFFFFF !important;}&#8221;][mk_employees style=&#8221;classic&#8221; column=&#8221;4&#8243; order=&#8221;ASC&#8221; orderby=&#8221;menu_order&#8221; categories=&#8221;plenary-speaker&#8221;][\/vc_column_inner][\/vc_row_inner][vc_row_inner is_fullwidth_content=&#8221;false&#8221;][vc_column_inner][mk_padding_divider size=&#8221;30&#8243;][\/vc_column_inner][\/vc_row_inner][\/vc_column][\/mk_page_section]\n<\/div>","protected":false},"excerpt":{"rendered":"<p>[vc_row fullwidth=&#8221;true&#8221; attached=&#8221;true&#8221; css=&#8221;.vc_custom_1727341533895{background-color: #36275d !important;}&#8221;][vc_column css=&#8221;.vc_custom_1727341521407{margin-bottom: -40px !important;border-bottom-width: -40px !important;padding-bottom: -40px !important;}&#8221;][mk_padding_divider size=&#8221;20&#8243;][vc_column_text disable_pattern=&#8221;false&#8221; align=&#8221;center&#8221; css=&#8221;.vc_custom_1727428050560{margin-bottom: 0px !important;}&#8221;] Plenary Speakers [\/vc_column_text][vc_raw_html css=&#8221;.vc_custom_1668987405118{margin-top: -30px !important;border-top-width: -30px !important;padding-top: -30px !important;}&#8221;]JTNDZGl2JTNFJTBBJTIwJTIwJTIwJTIwJTIwJTIwJTIwJTIwJTIwJTIwJTIwJTIwJTIwJTIwJTIwJTIwJTNDc3ZnJTIwY2xhc3MlM0QlMjJ3YXZlcyUyMiUyMHhtbG5zJTNEJTIyaHR0cCUzQSUyRiUyRnd3dy53My5vcmclMkYyMDAwJTJGc3ZnJTIyJTIweG1sbnMlM0F4bGluayUzRCUyMmh0dHAlM0ElMkYlMkZ3d3cudzMub3JnJTJGMTk5OSUyRnhsaW5rJTIyJTIwdmlld0JveCUzRCUyMjAlMjAyNCUyMDE1MCUyMDI4JTIyJTIwcHJlc2VydmVBc3BlY3RSYXRpbyUzRCUyMm5vbmUlMjIlMjBzaGFwZS1yZW5kZXJpbmclM0QlMjJhdXRvJTIyJTNFJTBBJTIwJTIwJTIwJTIwJTIwJTIwJTIwJTIwJTIwJTIwJTIwJTIwJTIwJTIwJTIwJTIwJTIwJTIwJTIwJTIwJTNDZGVmcyUzRSUwQSUyMCUyMCUyMCUyMCUyMCUyMCUyMCUyMCUyMCUyMCUyMCUyMCUyMCUyMCUyMCUyMCUyMCUyMCUyMCUyMCUyMCUyMCUyMCUyMCUzQ3BhdGglMjBpZCUzRCUyMmdlbnRsZS13YXZlJTIyJTIwZCUzRCUyMk0tMTYwJTIwNDRjMzAlMjAwJTIwNTgtMTglMjA4OC0xOHMlMjA1OCUyMDE4JTIwODglMjAxOCUyMDU4LTE4JTIwODgtMTglMjA1OCUyMDE4JTIwODglMjAxOCUyMHY0NGgtMzUyeiUyMiUyMCUyRiUzRSUwQSUyMCUyMCUyMCUyMCUyMCUyMCUyMCUyMCUyMCUyMCUyMCUyMCUyMCUyMCUyMCUyMCUyMCUyMCUyMCUyMCUzQyUyRmRlZnMlM0UlMEElMjAlMjAlMjAlMjAlMjAlMjAlMjAlMjAlMjAlMjAlMjAlMjAlMjAlMjAlMjAlMjAlMjAlMjAlMjAlMjAlM0NnJTIwY2xhc3MlM0QlMjJwYXJhbGxheCUyMiUzRSUwQSUyMCUyMCUyMCUyMCUyMCUyMCUyMCUyMCUyMCUyMCUyMCUyMCUyMCUyMCUyMCUyMCUyMCUyMCUyMCUyMCUyMCUyMCUyMCUyMCUzQ3VzZSUyMHhsaW5rJTNBaHJlZiUzRCUyMiUyM2dlbnRsZS13YXZlJTIyJTIweCUzRCUyMjQ4JTIyJTIweSUzRCUyMjAlMjIlMjBmaWxsJTNEJTIycmdiYSUyODI1NSUyQzI1NSUyQzI1NSUyQzAuNyUyMiUyMCUyRiUzRSUwQSUyMCUyMCUyMCUyMCUyMCUyMCUyMCUyMCUyMCUyMCUyMCUyMCUyMCUyMCUyMCUyMCUyMCUyMCUyMCUyMCUyMCUyMCUyMCUyMCUzQ3VzZSUyMHhsaW5rJTNBaHJlZiUzRCUyMiUyM2dlbnRsZS13YXZlJTIyJTIweCUzRCUyMjQ4JTIyJTIweSUzRCUyMjMlMjIlMjBmaWxsJTNEJTIycmdiYSUyODI1NSUyQzI1NSUyQzI1NSUyQzAuNSUyOSUyMiUyMCUyRiUzRSUwQSUyMCUyMCUyMCUyMCUyMCUyMCUyMCUyMCUyMCUyMCUyMCUyMCUyMCUyMCUyMCUyMCUyMCUyMCUyMCUyMCUyMCUyMCUyMCUyMCUzQ3VzZSUyMHhsaW5rJTNBaHJlZiUzRCUyMiUyM2dlbnRsZS13YXZlJTIyJTIweCUzRCUyMjQ4JTIyJTIweSUzRCUyMjUlMjIlMjBmaWxsJTNEJTIycmdiYSUyODI1NSUyQzI1NSUyQzI1NSUyQzAuMyUyOSUyMiUyMCUyRiUzRSUwQSUyMCUyMCUyMCUyMCUyMCUyMCUyMCUyMCUyMCUyMCUyMCUyMCUyMCUyMCUyMCUyMCUyMCUyMCUyMCUyMCUyMCUyMCUyMCUyMCUzQ3VzZSUyMHhsaW5rJTNBaHJlZiUzRCUyMiUyM2dlbnRsZS13YXZlJTIyJTIweCUzRCUyMjQ4JTIyJTIweSUzRCUyMjclMjIlMjBmaWxsJTNEJTIyJTIzZmZmJTIyJTIwJTJGJTNFJTBBJTIwJTIwJTIwJTIwJTIwJTIwJTIwJTIwJTIwJTIwJTIwJTIwJTIwJTIwJTIwJTIwJTIwJTIwJTIwJTIwJTNDJTJGZyUzRSUwQSUyMCUyMCUyMCUyMCUyMCUyMCUyMCUyMCUyMCUyMCUyMCUyMCUyMCUyMCUyMCUyMCUzQyUyRnN2ZyUzRSUwQSUyMCUyMCUyMCUyMCUyMCUyMCUyMCUyMCUyMCUyMCUyMCUyMCUzQyUyRmRpdiUzRSUwQQ==[\/vc_raw_html][\/vc_column][\/vc_row][mk_page_section vertical_align=&#8221;bottom&#8221; bg_color=&#8221;#ffffff&#8221; attachment=&#8221;fixed&#8221; bg_position=&#8221;center top&#8221; bg_repeat=&#8221;no-repeat&#8221; bg_stretch=&#8221;true&#8221; enable_3d=&#8221;true&#8221; padding_top=&#8221;20&#8243; padding_bottom=&#8221;30&#8243; top_shape_style=&#8221;curve-top&#8221; top_shape_bg_color=&#8221;rgba(255,255,255,0)&#8221; sidebar=&#8221;sidebar-1&#8243; first_page=&#8221;false&#8221; last_page=&#8221;false&#8221;][vc_column css=&#8221;.vc_custom_1668987388736{margin-bottom: -10px !important;border-bottom-width: -10px !important;padding-bottom: -10px !important;}&#8221;][vc_row_inner is_fullwidth_content=&#8221;false&#8221; column_padding=&#8221;3&#8243; css=&#8221;.vc_custom_1727342992360{border-color: #FFFFFF [&hellip;]<\/p>\n","protected":false},"author":3297,"featured_media":0,"parent":0,"menu_order":0,"comment_status":"closed","ping_status":"closed","template":"","meta":{"footnotes":""},"class_list":["post-15242","page","type-page","status-publish","hentry"],"yoast_head":"<!-- This site is optimized with the Yoast SEO plugin v27.4 - https:\/\/yoast.com\/product\/yoast-seo-wordpress\/ -->\n<title>Plenary Speakers - XL Reuni\u00f3n Bienal de la RSEQ 2025. Bilbao, 30 de junio al 3 de julio<\/title>\n<meta name=\"description\" content=\"XL Biennial Meeting of the Royal Spanish Society of Chemistry, which will take place in Bilbao, between June 30 and July 3, 2025.\" \/>\n<meta name=\"robots\" content=\"index, follow, max-snippet:-1, max-image-preview:large, max-video-preview:-1\" \/>\n<link rel=\"canonical\" href=\"https:\/\/brseq2025.com\/en\/plenary-speakers\/\" \/>\n<meta property=\"og:locale\" content=\"en_US\" \/>\n<meta property=\"og:type\" content=\"article\" \/>\n<meta property=\"og:title\" content=\"Plenary Speakers - XL Reuni\u00f3n Bienal de la RSEQ 2025. Bilbao, 30 de junio al 3 de julio\" \/>\n<meta property=\"og:description\" content=\"XL Biennial Meeting of the Royal Spanish Society of Chemistry, which will take place in Bilbao, between June 30 and July 3, 2025.\" \/>\n<meta property=\"og:url\" content=\"https:\/\/brseq2025.com\/en\/plenary-speakers\/\" \/>\n<meta property=\"og:site_name\" content=\"XL Reuni\u00f3n Bienal de la RSEQ 2025. Bilbao, 30 de junio al 3 de julio\" \/>\n<meta property=\"article:modified_time\" content=\"2024-11-07T09:41:57+00:00\" \/>\n<meta name=\"twitter:card\" content=\"summary_large_image\" \/>\n<meta name=\"twitter:label1\" content=\"Est. reading time\" \/>\n\t<meta name=\"twitter:data1\" content=\"1 minute\" \/>\n<script type=\"application\/ld+json\" class=\"yoast-schema-graph\">{\"@context\":\"https:\\\/\\\/schema.org\",\"@graph\":[{\"@type\":\"WebPage\",\"@id\":\"https:\\\/\\\/brseq2025.com\\\/en\\\/plenary-speakers\\\/\",\"url\":\"https:\\\/\\\/brseq2025.com\\\/en\\\/plenary-speakers\\\/\",\"name\":\"Plenary Speakers - XL Reuni\u00f3n Bienal de la RSEQ 2025. Bilbao, 30 de junio al 3 de julio\",\"isPartOf\":{\"@id\":\"https:\\\/\\\/brseq2025.com\\\/en\\\/#website\"},\"datePublished\":\"2024-09-26T15:39:40+00:00\",\"dateModified\":\"2024-11-07T09:41:57+00:00\",\"description\":\"XL Biennial Meeting of the Royal Spanish Society of Chemistry, which will take place in Bilbao, between June 30 and July 3, 2025.\",\"breadcrumb\":{\"@id\":\"https:\\\/\\\/brseq2025.com\\\/en\\\/plenary-speakers\\\/#breadcrumb\"},\"inLanguage\":\"en-US\",\"potentialAction\":[{\"@type\":\"ReadAction\",\"target\":[\"https:\\\/\\\/brseq2025.com\\\/en\\\/plenary-speakers\\\/\"]}]},{\"@type\":\"BreadcrumbList\",\"@id\":\"https:\\\/\\\/brseq2025.com\\\/en\\\/plenary-speakers\\\/#breadcrumb\",\"itemListElement\":[{\"@type\":\"ListItem\",\"position\":1,\"name\":\"Portada\",\"item\":\"https:\\\/\\\/brseq2025.com\\\/en\\\/\"},{\"@type\":\"ListItem\",\"position\":2,\"name\":\"Plenary Speakers\"}]},{\"@type\":\"WebSite\",\"@id\":\"https:\\\/\\\/brseq2025.com\\\/en\\\/#website\",\"url\":\"https:\\\/\\\/brseq2025.com\\\/en\\\/\",\"name\":\"XL Reuni\u00f3n Bienal de la RSEQ 2025. Bilbao, 30 de junio al 3 de julio\",\"description\":\"XL Reuni\u00f3n Bienal de la Real Sociedad Espa\u00f1ola de Qu\u00edmica 2025. Bilbao 30 de junio al 3 de julio de 2025\",\"publisher\":{\"@id\":\"https:\\\/\\\/brseq2025.com\\\/en\\\/#organization\"},\"potentialAction\":[{\"@type\":\"SearchAction\",\"target\":{\"@type\":\"EntryPoint\",\"urlTemplate\":\"https:\\\/\\\/brseq2025.com\\\/en\\\/?s={search_term_string}\"},\"query-input\":{\"@type\":\"PropertyValueSpecification\",\"valueRequired\":true,\"valueName\":\"search_term_string\"}}],\"inLanguage\":\"en-US\"},{\"@type\":\"Organization\",\"@id\":\"https:\\\/\\\/brseq2025.com\\\/en\\\/#organization\",\"name\":\"XL Reuni\u00f3n Bienal de la RSEQ 2025. Bilbao, 30 de junio al 3 de julio\",\"url\":\"https:\\\/\\\/brseq2025.com\\\/en\\\/\",\"logo\":{\"@type\":\"ImageObject\",\"inLanguage\":\"en-US\",\"@id\":\"https:\\\/\\\/brseq2025.com\\\/en\\\/#\\\/schema\\\/logo\\\/image\\\/\",\"url\":\"https:\\\/\\\/brseq2025.com\\\/wp-content\\\/uploads\\\/2024\\\/09\\\/favicon-96x96-1.png\",\"contentUrl\":\"https:\\\/\\\/brseq2025.com\\\/wp-content\\\/uploads\\\/2024\\\/09\\\/favicon-96x96-1.png\",\"width\":96,\"height\":96,\"caption\":\"XL Reuni\u00f3n Bienal de la RSEQ 2025. Bilbao, 30 de junio al 3 de julio\"},\"image\":{\"@id\":\"https:\\\/\\\/brseq2025.com\\\/en\\\/#\\\/schema\\\/logo\\\/image\\\/\"}}]}<\/script>\n<!-- \/ Yoast SEO plugin. -->","yoast_head_json":{"title":"Plenary Speakers - XL Reuni\u00f3n Bienal de la RSEQ 2025. Bilbao, 30 de junio al 3 de julio","description":"XL Biennial Meeting of the Royal Spanish Society of Chemistry, which will take place in Bilbao, between June 30 and July 3, 2025.","robots":{"index":"index","follow":"follow","max-snippet":"max-snippet:-1","max-image-preview":"max-image-preview:large","max-video-preview":"max-video-preview:-1"},"canonical":"https:\/\/brseq2025.com\/en\/plenary-speakers\/","og_locale":"en_US","og_type":"article","og_title":"Plenary Speakers - XL Reuni\u00f3n Bienal de la RSEQ 2025. Bilbao, 30 de junio al 3 de julio","og_description":"XL Biennial Meeting of the Royal Spanish Society of Chemistry, which will take place in Bilbao, between June 30 and July 3, 2025.","og_url":"https:\/\/brseq2025.com\/en\/plenary-speakers\/","og_site_name":"XL Reuni\u00f3n Bienal de la RSEQ 2025. Bilbao, 30 de junio al 3 de julio","article_modified_time":"2024-11-07T09:41:57+00:00","twitter_card":"summary_large_image","twitter_misc":{"Est. reading time":"1 minute"},"schema":{"@context":"https:\/\/schema.org","@graph":[{"@type":"WebPage","@id":"https:\/\/brseq2025.com\/en\/plenary-speakers\/","url":"https:\/\/brseq2025.com\/en\/plenary-speakers\/","name":"Plenary Speakers - XL Reuni\u00f3n Bienal de la RSEQ 2025. Bilbao, 30 de junio al 3 de julio","isPartOf":{"@id":"https:\/\/brseq2025.com\/en\/#website"},"datePublished":"2024-09-26T15:39:40+00:00","dateModified":"2024-11-07T09:41:57+00:00","description":"XL Biennial Meeting of the Royal Spanish Society of Chemistry, which will take place in Bilbao, between June 30 and July 3, 2025.","breadcrumb":{"@id":"https:\/\/brseq2025.com\/en\/plenary-speakers\/#breadcrumb"},"inLanguage":"en-US","potentialAction":[{"@type":"ReadAction","target":["https:\/\/brseq2025.com\/en\/plenary-speakers\/"]}]},{"@type":"BreadcrumbList","@id":"https:\/\/brseq2025.com\/en\/plenary-speakers\/#breadcrumb","itemListElement":[{"@type":"ListItem","position":1,"name":"Portada","item":"https:\/\/brseq2025.com\/en\/"},{"@type":"ListItem","position":2,"name":"Plenary Speakers"}]},{"@type":"WebSite","@id":"https:\/\/brseq2025.com\/en\/#website","url":"https:\/\/brseq2025.com\/en\/","name":"XL Reuni\u00f3n Bienal de la RSEQ 2025. Bilbao, 30 de junio al 3 de julio","description":"XL Reuni\u00f3n Bienal de la Real Sociedad Espa\u00f1ola de Qu\u00edmica 2025. Bilbao 30 de junio al 3 de julio de 2025","publisher":{"@id":"https:\/\/brseq2025.com\/en\/#organization"},"potentialAction":[{"@type":"SearchAction","target":{"@type":"EntryPoint","urlTemplate":"https:\/\/brseq2025.com\/en\/?s={search_term_string}"},"query-input":{"@type":"PropertyValueSpecification","valueRequired":true,"valueName":"search_term_string"}}],"inLanguage":"en-US"},{"@type":"Organization","@id":"https:\/\/brseq2025.com\/en\/#organization","name":"XL Reuni\u00f3n Bienal de la RSEQ 2025. Bilbao, 30 de junio al 3 de julio","url":"https:\/\/brseq2025.com\/en\/","logo":{"@type":"ImageObject","inLanguage":"en-US","@id":"https:\/\/brseq2025.com\/en\/#\/schema\/logo\/image\/","url":"https:\/\/brseq2025.com\/wp-content\/uploads\/2024\/09\/favicon-96x96-1.png","contentUrl":"https:\/\/brseq2025.com\/wp-content\/uploads\/2024\/09\/favicon-96x96-1.png","width":96,"height":96,"caption":"XL Reuni\u00f3n Bienal de la RSEQ 2025. Bilbao, 30 de junio al 3 de julio"},"image":{"@id":"https:\/\/brseq2025.com\/en\/#\/schema\/logo\/image\/"}}]}},"_links":{"self":[{"href":"https:\/\/brseq2025.com\/en\/wp-json\/wp\/v2\/pages\/15242","targetHints":{"allow":["GET"]}}],"collection":[{"href":"https:\/\/brseq2025.com\/en\/wp-json\/wp\/v2\/pages"}],"about":[{"href":"https:\/\/brseq2025.com\/en\/wp-json\/wp\/v2\/types\/page"}],"author":[{"embeddable":true,"href":"https:\/\/brseq2025.com\/en\/wp-json\/wp\/v2\/users\/3297"}],"replies":[{"embeddable":true,"href":"https:\/\/brseq2025.com\/en\/wp-json\/wp\/v2\/comments?post=15242"}],"version-history":[{"count":7,"href":"https:\/\/brseq2025.com\/en\/wp-json\/wp\/v2\/pages\/15242\/revisions"}],"predecessor-version":[{"id":15696,"href":"https:\/\/brseq2025.com\/en\/wp-json\/wp\/v2\/pages\/15242\/revisions\/15696"}],"wp:attachment":[{"href":"https:\/\/brseq2025.com\/en\/wp-json\/wp\/v2\/media?parent=15242"}],"curies":[{"name":"wp","href":"https:\/\/api.w.org\/{rel}","templated":true}]}}