{"id":11816,"date":"2015-05-06T09:44:57","date_gmt":"2015-05-06T08:44:57","guid":{"rendered":"https:\/\/brseq2025.com\/home\/"},"modified":"2025-06-11T09:43:55","modified_gmt":"2025-06-11T08:43:55","slug":"home","status":"publish","type":"page","link":"https:\/\/brseq2025.com\/en\/","title":{"rendered":"Home"},"content":{"rendered":"<div class=\"wpb-content-wrapper\">[vc_row fullwidth=&#8221;true&#8221; attached=&#8221;true&#8221; css=&#8221;.vc_custom_1727338665217{background-image: url(https:\/\/brseq2025.com\/wp-content\/uploads\/2024\/09\/bilbao.jpg?id=15171) !important;background-position: center !important;background-repeat: no-repeat !important;background-size: cover !important;}&#8221;][vc_column][mk_edge_slider swiper_bg=&#8221;&#8221; order=&#8221;ASC&#8221; orderby=&#8221;post__in&#8221; full_height=&#8221;false&#8221; height=&#8221;490&#8243; animation_effect=&#8221;fade&#8221; animation_speed=&#8221;800&#8243; slideshow_speed=&#8221;6000&#8243; direction_nav=&#8221;none&#8221; pagination=&#8221;small_dot_stroke&#8221; slides=&#8221;15141, 11819, 15810, 15586&#8243;][\/vc_column][\/vc_row][mk_page_section bg_color=&#8221;#ffffff&#8221; bg_position=&#8221;center center&#8221; bg_repeat=&#8221;no-repeat&#8221; bg_stretch=&#8221;true&#8221; padding_top=&#8221;60&#8243; padding_bottom=&#8221;40&#8243; sidebar=&#8221;sidebar-1&#8243; first_page=&#8221;false&#8221; last_page=&#8221;false&#8221;][vc_column css=&#8221;.vc_custom_1687772248233{background-position: center !important;background-repeat: no-repeat !important;background-size: cover !important;}&#8221;][vc_column_text margin_bottom=&#8221;10&#8243; css=&#8221;.vc_custom_1731417699317{margin-bottom: 0px !important;}&#8221;][\/vc_column_text][mk_fancy_title color=&#8221;#000000&#8243; size=&#8221;16&#8243; font_weight=&#8221;400&#8243; font_style=&#8221;normal&#8221; font_family=&#8221;Arial, Helvetica, sans-serif&#8221; font_type=&#8221;safefont&#8221;]\n<p style=\"text-align: justify;\"><img loading=\"lazy\" decoding=\"async\" class=\"wp-image-15972 size-medium alignleft\" src=\"https:\/\/brseq2025.com\/wp-content\/uploads\/2024\/11\/cartel-bilbao-a5-ok-02-214x300.jpg\" alt=\"\" width=\"214\" height=\"300\" srcset=\"https:\/\/brseq2025.com\/wp-content\/uploads\/2024\/11\/cartel-bilbao-a5-ok-02-214x300.jpg 214w, https:\/\/brseq2025.com\/wp-content\/uploads\/2024\/11\/cartel-bilbao-a5-ok-02-731x1024.jpg 731w, https:\/\/brseq2025.com\/wp-content\/uploads\/2024\/11\/cartel-bilbao-a5-ok-02-768x1075.jpg 768w, https:\/\/brseq2025.com\/wp-content\/uploads\/2024\/11\/cartel-bilbao-a5-ok-02-1097x1536.jpg 1097w, https:\/\/brseq2025.com\/wp-content\/uploads\/2024\/11\/cartel-bilbao-a5-ok-02-1463x2048.jpg 1463w, https:\/\/brseq2025.com\/wp-content\/uploads\/2024\/11\/cartel-bilbao-a5-ok-02.jpg 1773w\" sizes=\"auto, (max-width: 214px) 100vw, 214px\" \/><\/p>\n<h4>Welcome<\/h4>\n<p>&nbsp;<\/p>\n<p style=\"text-align: justify;\">On behalf of the Organizing Committee, the Scientific Committee and the Royal Spanish Society of Chemistry (RSEQ), it is a privilege to invite you to participate in the XL Biennial Meeting of the Royal Spanish Society of Chemistry, which will take place in Bilbao, between June 30 and July 3, 2025.<\/p>\n<p style=\"text-align: justify;\">We are truly convinced that this meeting will be an extraordinary discussion forum to learn about and enjoy the research carried out by our community, both national and international, in all areas of Chemistry. As a Central Science, it is obvious that research on the frontier with other disciplines will also be presented, from mathematics, physics, and materials science to the life sciences.<\/p>\n[\/mk_fancy_title][mk_button dimension=&#8221;flat&#8221; size=&#8221;large&#8221; url=&#8221;https:\/\/amconferences.eventsair.com\/bienal-quimica-2025\/preregister&#8221; target=&#8221;_blank&#8221; align=&#8221;center&#8221; margin_top=&#8221;15&#8243; margin_bottom=&#8221;20&#8243; bg_color=&#8221;#F68D3D&#8221;]KEEP ME UPDATED[\/mk_button][\/vc_column][\/mk_page_section][mk_page_section bg_color=&#8221;#4074b3&#8243; bg_position=&#8221;center center&#8221; bg_repeat=&#8221;no-repeat&#8221; bg_stretch=&#8221;true&#8221; full_width=&#8221;true&#8221; padding_top=&#8221;0&#8243; padding_bottom=&#8221;0&#8243; sidebar=&#8221;sidebar-1&#8243; first_page=&#8221;false&#8221; last_page=&#8221;false&#8221;][vc_column][vc_row_inner attached=&#8221;true&#8221; is_fullwidth_content=&#8221;false&#8221; column_padding=&#8221;2&#8243;][vc_column_inner width=&#8221;1\/3&#8243; css=&#8221;.vc_custom_1727376894996{background-image: url(https:\/\/brseq2025.com\/wp-content\/uploads\/2024\/09\/shutterstock_1892822098-scaled-1-1000&#215;563-1.jpg?id=15326) !important;background-position: center !important;background-repeat: no-repeat !important;background-size: cover !important;}&#8221;][mk_padding_divider size=&#8221;100&#8243;][mk_custom_box margin_bottom=&#8221;&#8221; bg_color=&#8221;#ffffff&#8221; border_color_style=&#8221;single_color&#8221; border_color=&#8221;#dbdbdb&#8221; elevation_effect=&#8221;true&#8221;][mk_fancy_title color=&#8221;#000000&#8243; size=&#8221;32&#8243; force_font_size=&#8221;true&#8221; size_smallscreen=&#8221;20&#8243; size_tablet=&#8221;20&#8243; size_phone=&#8221;20&#8243; line_height=&#8221;110&#8243; font_weight=&#8221;100&#8243; font_style=&#8221;normal&#8221; txt_transform=&#8221;none&#8221; letter_spacing=&#8221;1&#8243; margin_top=&#8221;20&#8243; margin_bottom=&#8221;0&#8243; font_family=&#8221;Impact, Charcoal, sans-serif&#8221; font_type=&#8221;safefont&#8221; align=&#8221;center&#8221;]\n<p style=\"text-align: center;\">CALL FOR<br \/>\nABSTRACTS<\/p>\n[\/mk_fancy_title][mk_button dimension=&#8221;outline&#8221; size=&#8221;large&#8221; url=&#8221;https:\/\/brseq2025.com\/en\/call-for-abstracts\/&#8221; align=&#8221;center&#8221; outline_skin=&#8221;custom&#8221; outline_active_color=&#8221;#f68d3d&#8221; outline_active_text_color=&#8221;#f68d3d&#8221; outline_hover_bg_color=&#8221;#f68d3d&#8221; outline_hover_color=&#8221;#ffffff&#8221;]MORE INFORMATION[\/mk_button][\/mk_custom_box][\/vc_column_inner][vc_column_inner width=&#8221;1\/3&#8243; css=&#8221;.vc_custom_1727171926717{background-image: url(https:\/\/brseq2025.com\/wp-content\/uploads\/2024\/09\/inscribete.jpg?id=15158) !important;}&#8221;][mk_padding_divider size=&#8221;100&#8243;][mk_custom_box margin_bottom=&#8221;&#8221; bg_color=&#8221;#ffffff&#8221; border_color_style=&#8221;single_color&#8221; border_color=&#8221;#dbdbdb&#8221; elevation_effect=&#8221;true&#8221;][mk_fancy_title color=&#8221;#000000&#8243; size=&#8221;32&#8243; force_font_size=&#8221;true&#8221; size_smallscreen=&#8221;20&#8243; size_tablet=&#8221;20&#8243; size_phone=&#8221;20&#8243; line_height=&#8221;110&#8243; font_weight=&#8221;100&#8243; font_style=&#8221;normal&#8221; txt_transform=&#8221;none&#8221; letter_spacing=&#8221;1&#8243; margin_top=&#8221;20&#8243; margin_bottom=&#8221;0&#8243; font_family=&#8221;Impact, Charcoal, sans-serif&#8221; font_type=&#8221;safefont&#8221; align=&#8221;center&#8221;]\n<p style=\"text-align: center;\">CONGRESS<br \/>\nREGISTRATION<\/p>\n[\/mk_fancy_title][mk_button dimension=&#8221;outline&#8221; size=&#8221;large&#8221; url=&#8221;https:\/\/brseq2025.com\/en\/registration\/&#8221; align=&#8221;center&#8221; outline_skin=&#8221;custom&#8221; outline_active_color=&#8221;#f68d3d&#8221; outline_active_text_color=&#8221;#f68d3d&#8221; outline_hover_bg_color=&#8221;#f68d3d&#8221; outline_hover_color=&#8221;#ffffff&#8221;]FEES[\/mk_button][\/mk_custom_box][\/vc_column_inner][vc_column_inner width=&#8221;1\/3&#8243; css=&#8221;.vc_custom_1727171947462{background-image: url(https:\/\/brseq2025.com\/wp-content\/uploads\/2024\/09\/2022-05-08_congreso-sefac_128.jpg?id=15160) !important;background-position: center !important;background-repeat: no-repeat !important;background-size: cover !important;}&#8221;][mk_padding_divider size=&#8221;100&#8243;][mk_custom_box margin_bottom=&#8221;&#8221; bg_color=&#8221;#ffffff&#8221; border_color_style=&#8221;single_color&#8221; border_color=&#8221;#dddddd&#8221; elevation_effect=&#8221;true&#8221;][mk_fancy_title color=&#8221;#000000&#8243; size=&#8221;32&#8243; force_font_size=&#8221;true&#8221; size_smallscreen=&#8221;20&#8243; size_tablet=&#8221;20&#8243; size_phone=&#8221;20&#8243; line_height=&#8221;110&#8243; font_weight=&#8221;100&#8243; font_style=&#8221;normal&#8221; txt_transform=&#8221;none&#8221; letter_spacing=&#8221;1&#8243; margin_top=&#8221;20&#8243; margin_bottom=&#8221;0&#8243; font_family=&#8221;Impact, Charcoal, sans-serif&#8221; font_type=&#8221;safefont&#8221; align=&#8221;center&#8221;]\n<p style=\"text-align: center;\">SPONSORSHIP<br \/>\nAND EXHIBITION<\/p>\n[\/mk_fancy_title][mk_button dimension=&#8221;outline&#8221; size=&#8221;large&#8221; url=&#8221;https:\/\/brseq2025.com\/en\/sponsorships\/&#8221; align=&#8221;center&#8221; outline_skin=&#8221;custom&#8221; outline_active_color=&#8221;#f68d3d&#8221; outline_active_text_color=&#8221;#f68d3d&#8221; outline_hover_bg_color=&#8221;#f68d3d&#8221; outline_hover_color=&#8221;#ffffff&#8221;]READ MORE[\/mk_button][\/mk_custom_box][\/vc_column_inner][\/vc_row_inner][\/vc_column][\/mk_page_section][mk_page_section bg_position=&#8221;center center&#8221; bg_repeat=&#8221;no-repeat&#8221; padding_top=&#8221;20&#8243; padding_bottom=&#8221;30&#8243; margin_bottom=&#8221;&#8221; sidebar=&#8221;sidebar-1&#8243; first_page=&#8221;false&#8221; last_page=&#8221;false&#8221;][vc_column][mk_padding_divider size=&#8221;65&#8243; visibility=&#8221;hidden-sm&#8221;][vc_row_inner attached=&#8221;true&#8221; is_fullwidth_content=&#8221;false&#8221; column_padding=&#8221;3&#8243; css=&#8221;.vc_custom_1749631383634{border-top-width: 1px !important;border-right-width: 1px !important;border-bottom-width: 1px !important;border-left-width: 1px !important;background-color: #FFFFFF !important;border-left-style: solid !important;border-right-style: solid !important;border-top-style: solid !important;border-bottom-style: solid !important;border-radius: 25px !important;border-color: #dbdbdb !important;}&#8221;][vc_column_inner width=&#8221;1\/2&#8243;][mk_fancy_title color=&#8221;#000000&#8243; size=&#8221;18&#8243; force_font_size=&#8221;true&#8221; size_smallscreen=&#8221;18&#8243; size_tablet=&#8221;18&#8243; size_phone=&#8221;18&#8243; font_weight=&#8221;400&#8243; font_style=&#8221;normal&#8221; txt_transform=&#8221;none&#8221; margin_bottom=&#8221;0&#8243; font_family=&#8221;Arial, Helvetica, sans-serif&#8221; font_type=&#8221;safefont&#8221; responsive_align=&#8221;left&#8221; drop_shadow=&#8221;true&#8221; shadow_distance=&#8221;10&#8243; shadow_blur=&#8221;34&#8243; shadow_color=&#8221;#ffffff&#8221;]\n<h3>Why attend?<\/h3>\n<p><strong>Scientific program<\/strong><\/p>\n<p>An inspiring scientific programme with numerous sessions and lectures that examine and discuss all crucial topics in neuroscience and convey our current scientific and technological revolution.<\/p>\n<p><strong>Multidisciplinary and diverse<\/strong><\/p>\n<p>The program aims for diversity of program, speakers and participants, offering opportunities to explore and share best practices in settings of all kinds.<\/p>\n<p><strong>Meet your colleagues<\/strong><\/p>\n<p>We will bring together more than 1,000 scientists, researchers, professionals, device developers and chemical material suppliers to share an unforgettable experience together.[\/mk_fancy_title][\/vc_column_inner][vc_column_inner width=&#8221;1\/2&#8243;][vc_column_text css=&#8221;.vc_custom_1749631319294{margin-bottom: 0px !important;}&#8221;]<img loading=\"lazy\" decoding=\"async\" class=\"alignnone wp-image-16386 size-full\" src=\"https:\/\/brseq2025.com\/wp-content\/uploads\/2025\/06\/tablet.jpg\" alt=\"\" width=\"600\" height=\"559\" srcset=\"https:\/\/brseq2025.com\/wp-content\/uploads\/2025\/06\/tablet.jpg 600w, https:\/\/brseq2025.com\/wp-content\/uploads\/2025\/06\/tablet-300x280.jpg 300w\" sizes=\"auto, (max-width: 600px) 100vw, 600px\" \/>[\/vc_column_text][\/vc_column_inner][\/vc_row_inner][mk_padding_divider size=&#8221;65&#8243; visibility=&#8221;hidden-sm&#8221;][\/vc_column][\/mk_page_section]\n<\/div>","protected":false},"excerpt":{"rendered":"<p>[vc_row fullwidth=&#8221;true&#8221; attached=&#8221;true&#8221; css=&#8221;.vc_custom_1727338665217{background-image: url(https:\/\/brseq2025.com\/wp-content\/uploads\/2024\/09\/bilbao.jpg?id=15171) !important;background-position: center !important;background-repeat: no-repeat !important;background-size: cover !important;}&#8221;][vc_column][mk_edge_slider swiper_bg=&#8221;&#8221; order=&#8221;ASC&#8221; orderby=&#8221;post__in&#8221; full_height=&#8221;false&#8221; height=&#8221;490&#8243; animation_effect=&#8221;fade&#8221; animation_speed=&#8221;800&#8243; slideshow_speed=&#8221;6000&#8243; direction_nav=&#8221;none&#8221; pagination=&#8221;small_dot_stroke&#8221; slides=&#8221;15141, 11819, 15810, 15586&#8243;][\/vc_column][\/vc_row][mk_page_section bg_color=&#8221;#ffffff&#8221; bg_position=&#8221;center center&#8221; bg_repeat=&#8221;no-repeat&#8221; bg_stretch=&#8221;true&#8221; padding_top=&#8221;60&#8243; padding_bottom=&#8221;40&#8243; sidebar=&#8221;sidebar-1&#8243; first_page=&#8221;false&#8221; last_page=&#8221;false&#8221;][vc_column css=&#8221;.vc_custom_1687772248233{background-position: center !important;background-repeat: no-repeat !important;background-size: cover !important;}&#8221;][vc_column_text margin_bottom=&#8221;10&#8243; css=&#8221;.vc_custom_1731417699317{margin-bottom: 0px !important;}&#8221;][\/vc_column_text][mk_fancy_title color=&#8221;#000000&#8243; size=&#8221;16&#8243; font_weight=&#8221;400&#8243; font_style=&#8221;normal&#8221; font_family=&#8221;Arial, Helvetica, sans-serif&#8221; font_type=&#8221;safefont&#8221;] [&hellip;]<\/p>\n","protected":false},"author":3297,"featured_media":0,"parent":0,"menu_order":0,"comment_status":"closed","ping_status":"closed","template":"","meta":{"footnotes":""},"class_list":["post-11816","page","type-page","status-publish","hentry"],"yoast_head":"<!-- This site is optimized with the Yoast SEO plugin v27.3 - https:\/\/yoast.com\/product\/yoast-seo-wordpress\/ -->\n<title>Home - XL Reuni\u00f3n Bienal de la RSEQ 2025. Bilbao, 30 de junio al 3 de julio<\/title>\n<meta name=\"description\" content=\"Organized by Royal Spanish Society of Chemistry (RSEBQ) , XL Biennial of RSEBQ which will take place in Bilbao (Spain), from June 30 to July 3, 2025\" \/>\n<meta name=\"robots\" content=\"index, follow, max-snippet:-1, max-image-preview:large, max-video-preview:-1\" \/>\n<link rel=\"canonical\" href=\"https:\/\/brseq2025.com\/en\/\" \/>\n<meta property=\"og:locale\" content=\"en_US\" \/>\n<meta property=\"og:type\" content=\"article\" \/>\n<meta property=\"og:title\" content=\"XL Reuni\u00f3n Bienal de la RSEQ 2025. Bilbao, 30 de junio al 3 de julio -\" \/>\n<meta property=\"og:description\" content=\"Organized by Royal Spanish Society of Chemistry (RSEBQ) , XL Biennial of RSEBQ which will take place in Bilbao (Spain), from June 30 to July 3, 2025\" \/>\n<meta property=\"og:url\" content=\"https:\/\/brseq2025.com\/en\/\" \/>\n<meta property=\"og:site_name\" content=\"XL Reuni\u00f3n Bienal de la RSEQ 2025. Bilbao, 30 de junio al 3 de julio\" \/>\n<meta property=\"article:modified_time\" content=\"2025-06-11T08:43:55+00:00\" \/>\n<meta property=\"og:image\" content=\"https:\/\/brseq2025.com\/wp-content\/uploads\/2024\/10\/banner-web-lateral-color-395x120-1.png\" \/>\n\t<meta property=\"og:image:width\" content=\"1647\" \/>\n\t<meta property=\"og:image:height\" content=\"501\" \/>\n\t<meta property=\"og:image:type\" content=\"image\/png\" \/>\n<meta name=\"twitter:card\" content=\"summary_large_image\" \/>\n<meta name=\"twitter:title\" content=\"XL Reuni\u00f3n Bienal de la RSEQ 2025. Bilbao, 30 de junio al 3 de julio -\" \/>\n<meta name=\"twitter:description\" content=\"Organized by Royal Spanish Society of Chemistry (RSEBQ) , XL Biennial of RSEBQ which will take place in Bilbao (Spain), from June 30 to July 3, 2025\" \/>\n<meta name=\"twitter:image\" content=\"https:\/\/brseq2025.com\/wp-content\/uploads\/2024\/10\/banner-web-lateral-color-395x120-1.png\" \/>\n<meta name=\"twitter:label1\" content=\"Est. reading time\" \/>\n\t<meta name=\"twitter:data1\" content=\"3 minutes\" \/>\n<script type=\"application\/ld+json\" class=\"yoast-schema-graph\">{\"@context\":\"https:\\\/\\\/schema.org\",\"@graph\":[{\"@type\":\"WebPage\",\"@id\":\"https:\\\/\\\/brseq2025.com\\\/en\\\/\",\"url\":\"https:\\\/\\\/brseq2025.com\\\/en\\\/\",\"name\":\"Home - XL Reuni\u00f3n Bienal de la RSEQ 2025. Bilbao, 30 de junio al 3 de julio\",\"isPartOf\":{\"@id\":\"https:\\\/\\\/brseq2025.com\\\/en\\\/#website\"},\"primaryImageOfPage\":{\"@id\":\"https:\\\/\\\/brseq2025.com\\\/en\\\/#primaryimage\"},\"image\":{\"@id\":\"https:\\\/\\\/brseq2025.com\\\/en\\\/#primaryimage\"},\"thumbnailUrl\":\"https:\\\/\\\/brseq2025.com\\\/wp-content\\\/uploads\\\/2024\\\/11\\\/cartel-bilbao-a5-ok-02-214x300.jpg\",\"datePublished\":\"2015-05-06T08:44:57+00:00\",\"dateModified\":\"2025-06-11T08:43:55+00:00\",\"description\":\"Organized by Royal Spanish Society of Chemistry (RSEBQ) , XL Biennial of RSEBQ which will take place in Bilbao (Spain), from June 30 to July 3, 2025\",\"breadcrumb\":{\"@id\":\"https:\\\/\\\/brseq2025.com\\\/en\\\/#breadcrumb\"},\"inLanguage\":\"en-US\",\"potentialAction\":[{\"@type\":\"ReadAction\",\"target\":[\"https:\\\/\\\/brseq2025.com\\\/en\\\/\"]}]},{\"@type\":\"ImageObject\",\"inLanguage\":\"en-US\",\"@id\":\"https:\\\/\\\/brseq2025.com\\\/en\\\/#primaryimage\",\"url\":\"https:\\\/\\\/brseq2025.com\\\/wp-content\\\/uploads\\\/2024\\\/11\\\/cartel-bilbao-a5-ok-02-214x300.jpg\",\"contentUrl\":\"https:\\\/\\\/brseq2025.com\\\/wp-content\\\/uploads\\\/2024\\\/11\\\/cartel-bilbao-a5-ok-02-214x300.jpg\"},{\"@type\":\"BreadcrumbList\",\"@id\":\"https:\\\/\\\/brseq2025.com\\\/en\\\/#breadcrumb\",\"itemListElement\":[{\"@type\":\"ListItem\",\"position\":1,\"name\":\"Portada\",\"item\":\"https:\\\/\\\/brseq2025.com\\\/en\\\/\"},{\"@type\":\"ListItem\",\"position\":2,\"name\":\"Home\"}]},{\"@type\":\"WebSite\",\"@id\":\"https:\\\/\\\/brseq2025.com\\\/en\\\/#website\",\"url\":\"https:\\\/\\\/brseq2025.com\\\/en\\\/\",\"name\":\"XL Reuni\u00f3n Bienal de la RSEQ 2025. Bilbao, 30 de junio al 3 de julio\",\"description\":\"XL Reuni\u00f3n Bienal de la Real Sociedad Espa\u00f1ola de Qu\u00edmica 2025. Bilbao 30 de junio al 3 de julio de 2025\",\"publisher\":{\"@id\":\"https:\\\/\\\/brseq2025.com\\\/en\\\/#organization\"},\"potentialAction\":[{\"@type\":\"SearchAction\",\"target\":{\"@type\":\"EntryPoint\",\"urlTemplate\":\"https:\\\/\\\/brseq2025.com\\\/en\\\/?s={search_term_string}\"},\"query-input\":{\"@type\":\"PropertyValueSpecification\",\"valueRequired\":true,\"valueName\":\"search_term_string\"}}],\"inLanguage\":\"en-US\"},{\"@type\":\"Organization\",\"@id\":\"https:\\\/\\\/brseq2025.com\\\/en\\\/#organization\",\"name\":\"XL Reuni\u00f3n Bienal de la RSEQ 2025. Bilbao, 30 de junio al 3 de julio\",\"url\":\"https:\\\/\\\/brseq2025.com\\\/en\\\/\",\"logo\":{\"@type\":\"ImageObject\",\"inLanguage\":\"en-US\",\"@id\":\"https:\\\/\\\/brseq2025.com\\\/en\\\/#\\\/schema\\\/logo\\\/image\\\/\",\"url\":\"https:\\\/\\\/brseq2025.com\\\/wp-content\\\/uploads\\\/2024\\\/09\\\/favicon-96x96-1.png\",\"contentUrl\":\"https:\\\/\\\/brseq2025.com\\\/wp-content\\\/uploads\\\/2024\\\/09\\\/favicon-96x96-1.png\",\"width\":96,\"height\":96,\"caption\":\"XL Reuni\u00f3n Bienal de la RSEQ 2025. Bilbao, 30 de junio al 3 de julio\"},\"image\":{\"@id\":\"https:\\\/\\\/brseq2025.com\\\/en\\\/#\\\/schema\\\/logo\\\/image\\\/\"}}]}<\/script>\n<!-- \/ Yoast SEO plugin. -->","yoast_head_json":{"title":"Home - XL Reuni\u00f3n Bienal de la RSEQ 2025. Bilbao, 30 de junio al 3 de julio","description":"Organized by Royal Spanish Society of Chemistry (RSEBQ) , XL Biennial of RSEBQ which will take place in Bilbao (Spain), from June 30 to July 3, 2025","robots":{"index":"index","follow":"follow","max-snippet":"max-snippet:-1","max-image-preview":"max-image-preview:large","max-video-preview":"max-video-preview:-1"},"canonical":"https:\/\/brseq2025.com\/en\/","og_locale":"en_US","og_type":"article","og_title":"XL Reuni\u00f3n Bienal de la RSEQ 2025. Bilbao, 30 de junio al 3 de julio -","og_description":"Organized by Royal Spanish Society of Chemistry (RSEBQ) , XL Biennial of RSEBQ which will take place in Bilbao (Spain), from June 30 to July 3, 2025","og_url":"https:\/\/brseq2025.com\/en\/","og_site_name":"XL Reuni\u00f3n Bienal de la RSEQ 2025. Bilbao, 30 de junio al 3 de julio","article_modified_time":"2025-06-11T08:43:55+00:00","og_image":[{"width":1647,"height":501,"url":"https:\/\/brseq2025.com\/wp-content\/uploads\/2024\/10\/banner-web-lateral-color-395x120-1.png","type":"image\/png"}],"twitter_card":"summary_large_image","twitter_title":"XL Reuni\u00f3n Bienal de la RSEQ 2025. Bilbao, 30 de junio al 3 de julio -","twitter_description":"Organized by Royal Spanish Society of Chemistry (RSEBQ) , XL Biennial of RSEBQ which will take place in Bilbao (Spain), from June 30 to July 3, 2025","twitter_image":"https:\/\/brseq2025.com\/wp-content\/uploads\/2024\/10\/banner-web-lateral-color-395x120-1.png","twitter_misc":{"Est. reading time":"3 minutes"},"schema":{"@context":"https:\/\/schema.org","@graph":[{"@type":"WebPage","@id":"https:\/\/brseq2025.com\/en\/","url":"https:\/\/brseq2025.com\/en\/","name":"Home - XL Reuni\u00f3n Bienal de la RSEQ 2025. Bilbao, 30 de junio al 3 de julio","isPartOf":{"@id":"https:\/\/brseq2025.com\/en\/#website"},"primaryImageOfPage":{"@id":"https:\/\/brseq2025.com\/en\/#primaryimage"},"image":{"@id":"https:\/\/brseq2025.com\/en\/#primaryimage"},"thumbnailUrl":"https:\/\/brseq2025.com\/wp-content\/uploads\/2024\/11\/cartel-bilbao-a5-ok-02-214x300.jpg","datePublished":"2015-05-06T08:44:57+00:00","dateModified":"2025-06-11T08:43:55+00:00","description":"Organized by Royal Spanish Society of Chemistry (RSEBQ) , XL Biennial of RSEBQ which will take place in Bilbao (Spain), from June 30 to July 3, 2025","breadcrumb":{"@id":"https:\/\/brseq2025.com\/en\/#breadcrumb"},"inLanguage":"en-US","potentialAction":[{"@type":"ReadAction","target":["https:\/\/brseq2025.com\/en\/"]}]},{"@type":"ImageObject","inLanguage":"en-US","@id":"https:\/\/brseq2025.com\/en\/#primaryimage","url":"https:\/\/brseq2025.com\/wp-content\/uploads\/2024\/11\/cartel-bilbao-a5-ok-02-214x300.jpg","contentUrl":"https:\/\/brseq2025.com\/wp-content\/uploads\/2024\/11\/cartel-bilbao-a5-ok-02-214x300.jpg"},{"@type":"BreadcrumbList","@id":"https:\/\/brseq2025.com\/en\/#breadcrumb","itemListElement":[{"@type":"ListItem","position":1,"name":"Portada","item":"https:\/\/brseq2025.com\/en\/"},{"@type":"ListItem","position":2,"name":"Home"}]},{"@type":"WebSite","@id":"https:\/\/brseq2025.com\/en\/#website","url":"https:\/\/brseq2025.com\/en\/","name":"XL Reuni\u00f3n Bienal de la RSEQ 2025. Bilbao, 30 de junio al 3 de julio","description":"XL Reuni\u00f3n Bienal de la Real Sociedad Espa\u00f1ola de Qu\u00edmica 2025. Bilbao 30 de junio al 3 de julio de 2025","publisher":{"@id":"https:\/\/brseq2025.com\/en\/#organization"},"potentialAction":[{"@type":"SearchAction","target":{"@type":"EntryPoint","urlTemplate":"https:\/\/brseq2025.com\/en\/?s={search_term_string}"},"query-input":{"@type":"PropertyValueSpecification","valueRequired":true,"valueName":"search_term_string"}}],"inLanguage":"en-US"},{"@type":"Organization","@id":"https:\/\/brseq2025.com\/en\/#organization","name":"XL Reuni\u00f3n Bienal de la RSEQ 2025. Bilbao, 30 de junio al 3 de julio","url":"https:\/\/brseq2025.com\/en\/","logo":{"@type":"ImageObject","inLanguage":"en-US","@id":"https:\/\/brseq2025.com\/en\/#\/schema\/logo\/image\/","url":"https:\/\/brseq2025.com\/wp-content\/uploads\/2024\/09\/favicon-96x96-1.png","contentUrl":"https:\/\/brseq2025.com\/wp-content\/uploads\/2024\/09\/favicon-96x96-1.png","width":96,"height":96,"caption":"XL Reuni\u00f3n Bienal de la RSEQ 2025. Bilbao, 30 de junio al 3 de julio"},"image":{"@id":"https:\/\/brseq2025.com\/en\/#\/schema\/logo\/image\/"}}]}},"_links":{"self":[{"href":"https:\/\/brseq2025.com\/en\/wp-json\/wp\/v2\/pages\/11816","targetHints":{"allow":["GET"]}}],"collection":[{"href":"https:\/\/brseq2025.com\/en\/wp-json\/wp\/v2\/pages"}],"about":[{"href":"https:\/\/brseq2025.com\/en\/wp-json\/wp\/v2\/types\/page"}],"author":[{"embeddable":true,"href":"https:\/\/brseq2025.com\/en\/wp-json\/wp\/v2\/users\/3297"}],"replies":[{"embeddable":true,"href":"https:\/\/brseq2025.com\/en\/wp-json\/wp\/v2\/comments?post=11816"}],"version-history":[{"count":24,"href":"https:\/\/brseq2025.com\/en\/wp-json\/wp\/v2\/pages\/11816\/revisions"}],"predecessor-version":[{"id":16391,"href":"https:\/\/brseq2025.com\/en\/wp-json\/wp\/v2\/pages\/11816\/revisions\/16391"}],"wp:attachment":[{"href":"https:\/\/brseq2025.com\/en\/wp-json\/wp\/v2\/media?parent=11816"}],"curies":[{"name":"wp","href":"https:\/\/api.w.org\/{rel}","templated":true}]}}